{"id":734,"date":"2019-07-01T11:10:03","date_gmt":"2019-07-01T11:10:03","guid":{"rendered":"https:\/\/werkhuizen-decloedt.be\/cookiebeleid\/"},"modified":"2023-10-31T10:28:31","modified_gmt":"2023-10-31T08:28:31","slug":"cookiebeleid","status":"publish","type":"page","link":"https:\/\/werkhuizen-decloedt.be\/fr\/cookiebeleid\/","title":{"rendered":"Politique de cookies"},"content":{"rendered":"<div class=\"fusion-fullwidth fullwidth-box fusion-builder-row-1 nonhundred-percent-fullwidth non-hundred-percent-height-scrolling\" style=\"--awb-border-radius-top-left:0px;--awb-border-radius-top-right:0px;--awb-border-radius-bottom-right:0px;--awb-border-radius-bottom-left:0px;--awb-flex-wrap:wrap;\" ><div class=\"fusion-builder-row fusion-row\"><div class=\"fusion-layout-column fusion_builder_column fusion-builder-column-0 fusion_builder_column_1_1 1_1 fusion-one-full fusion-column-first fusion-column-last\" style=\"--awb-bg-size:cover;\"><div class=\"fusion-column-wrapper fusion-column-has-shadow fusion-flex-column-wrapper-legacy\"><div class=\"fusion-title title fusion-title-1 fusion-sep-none fusion-title-text fusion-title-size-one\" style=\"--awb-text-color:#000000;\"><h1 class=\"fusion-title-heading title-heading-left fusion-responsive-typography-calculated\" style=\"margin:0;--fontSize:34;line-height:1.4;\">Politique de cookies<\/h1><\/div><div class=\"fusion-text fusion-text-1\"><p>Derni\u00e8re mise \u00e0 jour : juillet 2023<\/p>\n<p>Le site internet suivant (ci-apr\u00e8s: le \u00ab\u00a0<strong>Site internet<\/strong>\u00ab\u00a0)<\/p>\n<ul>\n<li>werkhuizen-decloedt.be<\/li>\n<\/ul>\n<p>est propos\u00e9 par :<\/p>\n<p>Werkhuizen Decloedt (ci-apr\u00e8s \u00ab\u00a0<strong>Decloedt\u00a0\u00bb<\/strong>, \u00ab\u00a0<strong>Nous\u00a0\u00bb<\/strong> et \u00ab\u00a0<strong>Nos\u00a0\u00bb<\/strong>\u00bb)<\/p>\n<p>Brugsesteenweg 93 &#8211; 8450 Bredene<\/p>\n<p>TVA . BE0405.249.667<\/p>\n<p>Tel. +32(0)59-32 25 34<\/p>\n<p>info@werkhuizen-decloedt.be<\/p>\n<p>N\u2019h\u00e9sitez pas \u00e0 nous contacter si vous avez des questions concernant la protection de la vie priv\u00e9e.<\/p>\n<h3><strong>1. Que sont les cookies ?<\/strong><\/h3>\n<p>Les cookies sont de petits fichiers qui sont stock\u00e9s dans votre ordinateur lorsque vous visitez des pages web. Ils contiennent des informations aff\u00e9rentes \u00e0 un navigateur et au site internet sp\u00e9cifique. Les cookies se composent de deux \u00e9l\u00e9ments\u00a0: le nom et le contenu. Ils sont stock\u00e9s dans un r\u00e9pertoire sp\u00e9cifique sur votre disque dur. Si vous visitez \u00e0 nouveau un site internet pr\u00e9cis, celui-ci reconna\u00eetra le visiteur gr\u00e2ce au cookie et compl\u00e8tera l\u2019historique. Certains cookies se suppriment d\u2019office lorsque vous quittez le site internet, tandis que d\u2019autres resteront stock\u00e9s dans votre ordinateur tant que vous ne les effacerez pas vous-m\u00eame.<\/p>\n<p>Les cookies ne sont pas des logiciels actifs ex\u00e9cutables et ne constituent d\u00e8s lors pas un risque pour votre ordinateur. Ils ne sont pas toujours de nature commerciale. Les cookies sont utilis\u00e9s pour am\u00e9liorer le confort du visiteur\u00a0: le visiteur, qui a \u00e9t\u00e9 identifi\u00e9 \u00e0 l\u2019aide d\u2019un cookie, n\u2019aura plus besoin de saisir chaque fois les m\u00eames donn\u00e9es, notamment des identifiants ou des param\u00e8tres d\u2019\u00e9cran. Les cookies sont \u00e9galement utilis\u00e9s pour cartographier le comportement de navigation des visiteurs\u00a0: le type et la quantit\u00e9 de pages consult\u00e9es, la voie emprunt\u00e9e et la dur\u00e9e de la visite sur le site internet. Ces r\u00e9sultats permettront d\u2019adapter le site de mani\u00e8re ad\u00e9quate et de r\u00e9pondre aux int\u00e9r\u00eats et aux besoins de ses visiteurs, notamment en leur montrant des informations personnalis\u00e9es.<\/p>\n<h3>2. Quels sont les types de cookies ?<\/h3>\n<p>On distingue g\u00e9n\u00e9ralement deux grands types de cookies\u00a0:<\/p>\n<ul>\n<li>Les First party cookies ou cookies directs. Ceux-ci sont cr\u00e9\u00e9s par un site internet pour am\u00e9liorer le fonctionnement de la page web. Ils r\u00e9gissent la partie technique du site, telle que le choix linguistique ou la m\u00e9morisation de produits stock\u00e9s dans le panier d\u2019une boutique en ligne. C\u2019est le site visit\u00e9 qui g\u00e9n\u00e8re et installe les first party cookies.<\/li>\n<li>Les Third party cookies ou cookies indirects. Ceux-ci sont cr\u00e9\u00e9s par une partie autre que le site visit\u00e9 (tierce partie) et ils sont install\u00e9s sur votre ordinateur. Ils tiennent \u00e0 jour les comportements du visiteur. Les r\u00e9seaux sociaux tels que Facebook ou Twitter, mais \u00e9galement Google Analytics en sont quelques exemples. Il s\u2019agit du syst\u00e8me le plus utilis\u00e9 pour mesurer la fr\u00e9quentation d\u2019un site internet. C\u2019est principalement pour ce type de cookies que les propri\u00e9taires de sites internet doivent demander l\u2019autorisation explicite des visiteurs depuis la modification de la l\u00e9gislation de 2012.<\/li>\n<\/ul>\n<p>La l\u00e9gislation de 2012 n\u2019\u00e9tablit aucune distinction entre les cookies directs et les cookies indirects. L\u2019autorisation constitue l\u2019unique crit\u00e8re. Les cookies qui sont n\u00e9cessaires au bon fonctionnement du site ne n\u00e9cessitent pas d\u2019autorisation, ce qui est par contre le cas pour tous les autres cookies.<\/p>\n<h3>3. Quels types de cookies utilisons-nous ?<\/h3>\n<p>Decloedt\u00a0utilise des cookies pour am\u00e9liorer votre exp\u00e9rience d\u2019utilisateur sur le site. Pour ce faire, nous enregistrons certaines informations concernant l\u2019utilisateur, notamment les pages visit\u00e9es et la dur\u00e9e des visites. Pour pouvoir utiliser int\u00e9gralement nos sites internet, votre ordinateur, votre tablette ou t\u00e9l\u00e9phone mobile doit accepter cookies.<\/p>\n<p>Notre site internet peut \u00e9galement utiliser des cookies de Google Analytics. Il s\u2019agit d\u2019un service de Google qui permet de collecter et de restituer des statistiques de sites internet de mani\u00e8re d\u00e9taill\u00e9e. Le gestionnaire du site peut ainsi obtenir un aper\u00e7u pr\u00e9cis du flux des visites, des sources de trafic ou des pr\u00e9sentations de pages. Cela permet donc de modifier partiellement ou int\u00e9gralement des sites internet en fonction du comportement et des int\u00e9r\u00eats des visiteurs. C\u2019est \u00e9galement pour cette raison que le site de Decloedt est susceptible d\u2019utiliser les statistiques de Google Analytics.<\/p>\n<h3>4. Comment g\u00e9rer les cookies ?<\/h3>\n<p>Vous devez, pour ce faire, modifier les param\u00e8tres de votre navigateur. Vous pouvez d\u00e9cider de bloquer tous les cookies ou de n\u2019accepter que les cookies de certains sites. Le proc\u00e9d\u00e9 de modification des param\u00e8tres diff\u00e8re en fonction du navigateur\u00a0; si n\u00e9cessaire, consultez la fonction \u2018aide\u2019 de votre navigateur.<\/p>\n<\/div><div class=\"fusion-clearfix\"><\/div><\/div><\/div><\/div><\/div>\n","protected":false},"excerpt":{"rendered":"","protected":false},"author":1,"featured_media":0,"parent":0,"menu_order":4,"comment_status":"closed","ping_status":"closed","template":"","meta":{"footnotes":""},"class_list":["post-734","page","type-page","status-publish","hentry"],"yoast_head":"<!-- This site is optimized with the Yoast SEO plugin v27.2 - https:\/\/yoast.com\/product\/yoast-seo-wordpress\/ -->\n<title>Politique de cookies - Werkhuizen Decloedt<\/title>\n<meta name=\"robots\" content=\"index, follow, max-snippet:-1, max-image-preview:large, max-video-preview:-1\" \/>\n<link rel=\"canonical\" href=\"https:\/\/werkhuizen-decloedt.be\/fr\/cookiebeleid\/\" \/>\n<meta property=\"og:locale\" content=\"fr_FR\" \/>\n<meta property=\"og:type\" content=\"article\" \/>\n<meta property=\"og:title\" content=\"Politique de cookies - Werkhuizen Decloedt\" \/>\n<meta property=\"og:url\" content=\"https:\/\/werkhuizen-decloedt.be\/fr\/cookiebeleid\/\" \/>\n<meta property=\"og:site_name\" content=\"Werkhuizen Decloedt\" \/>\n<meta property=\"article:modified_time\" content=\"2023-10-31T08:28:31+00:00\" \/>\n<meta name=\"twitter:card\" content=\"summary_large_image\" \/>\n<meta name=\"twitter:label1\" content=\"Dur\u00e9e de lecture estim\u00e9e\" \/>\n\t<meta name=\"twitter:data1\" content=\"4 minutes\" \/>\n<script type=\"application\/ld+json\" class=\"yoast-schema-graph\">{\"@context\":\"https:\/\/schema.org\",\"@graph\":[{\"@type\":\"WebPage\",\"@id\":\"https:\/\/werkhuizen-decloedt.be\/fr\/cookiebeleid\/\",\"url\":\"https:\/\/werkhuizen-decloedt.be\/fr\/cookiebeleid\/\",\"name\":\"Politique de cookies - Werkhuizen Decloedt\",\"isPartOf\":{\"@id\":\"https:\/\/werkhuizen-decloedt.be\/#website\"},\"datePublished\":\"2019-07-01T11:10:03+00:00\",\"dateModified\":\"2023-10-31T08:28:31+00:00\",\"breadcrumb\":{\"@id\":\"https:\/\/werkhuizen-decloedt.be\/fr\/cookiebeleid\/#breadcrumb\"},\"inLanguage\":\"fr-FR\",\"potentialAction\":[{\"@type\":\"ReadAction\",\"target\":[\"https:\/\/werkhuizen-decloedt.be\/fr\/cookiebeleid\/\"]}]},{\"@type\":\"BreadcrumbList\",\"@id\":\"https:\/\/werkhuizen-decloedt.be\/fr\/cookiebeleid\/#breadcrumb\",\"itemListElement\":[{\"@type\":\"ListItem\",\"position\":1,\"name\":\"Home\",\"item\":\"https:\/\/werkhuizen-decloedt.be\/fr\/accueil\/\"},{\"@type\":\"ListItem\",\"position\":2,\"name\":\"Politique de cookies\"}]},{\"@type\":\"WebSite\",\"@id\":\"https:\/\/werkhuizen-decloedt.be\/#website\",\"url\":\"https:\/\/werkhuizen-decloedt.be\/\",\"name\":\"Werkhuizen Decloedt\",\"description\":\"\",\"potentialAction\":[{\"@type\":\"SearchAction\",\"target\":{\"@type\":\"EntryPoint\",\"urlTemplate\":\"https:\/\/werkhuizen-decloedt.be\/?s={search_term_string}\"},\"query-input\":{\"@type\":\"PropertyValueSpecification\",\"valueRequired\":true,\"valueName\":\"search_term_string\"}}],\"inLanguage\":\"fr-FR\"}]}<\/script>\n<!-- \/ Yoast SEO plugin. -->","yoast_head_json":{"title":"Politique de cookies - Werkhuizen Decloedt","robots":{"index":"index","follow":"follow","max-snippet":"max-snippet:-1","max-image-preview":"max-image-preview:large","max-video-preview":"max-video-preview:-1"},"canonical":"https:\/\/werkhuizen-decloedt.be\/fr\/cookiebeleid\/","og_locale":"fr_FR","og_type":"article","og_title":"Politique de cookies - Werkhuizen Decloedt","og_url":"https:\/\/werkhuizen-decloedt.be\/fr\/cookiebeleid\/","og_site_name":"Werkhuizen Decloedt","article_modified_time":"2023-10-31T08:28:31+00:00","twitter_card":"summary_large_image","twitter_misc":{"Dur\u00e9e de lecture estim\u00e9e":"4 minutes"},"schema":{"@context":"https:\/\/schema.org","@graph":[{"@type":"WebPage","@id":"https:\/\/werkhuizen-decloedt.be\/fr\/cookiebeleid\/","url":"https:\/\/werkhuizen-decloedt.be\/fr\/cookiebeleid\/","name":"Politique de cookies - Werkhuizen Decloedt","isPartOf":{"@id":"https:\/\/werkhuizen-decloedt.be\/#website"},"datePublished":"2019-07-01T11:10:03+00:00","dateModified":"2023-10-31T08:28:31+00:00","breadcrumb":{"@id":"https:\/\/werkhuizen-decloedt.be\/fr\/cookiebeleid\/#breadcrumb"},"inLanguage":"fr-FR","potentialAction":[{"@type":"ReadAction","target":["https:\/\/werkhuizen-decloedt.be\/fr\/cookiebeleid\/"]}]},{"@type":"BreadcrumbList","@id":"https:\/\/werkhuizen-decloedt.be\/fr\/cookiebeleid\/#breadcrumb","itemListElement":[{"@type":"ListItem","position":1,"name":"Home","item":"https:\/\/werkhuizen-decloedt.be\/fr\/accueil\/"},{"@type":"ListItem","position":2,"name":"Politique de cookies"}]},{"@type":"WebSite","@id":"https:\/\/werkhuizen-decloedt.be\/#website","url":"https:\/\/werkhuizen-decloedt.be\/","name":"Werkhuizen Decloedt","description":"","potentialAction":[{"@type":"SearchAction","target":{"@type":"EntryPoint","urlTemplate":"https:\/\/werkhuizen-decloedt.be\/?s={search_term_string}"},"query-input":{"@type":"PropertyValueSpecification","valueRequired":true,"valueName":"search_term_string"}}],"inLanguage":"fr-FR"}]}},"_links":{"self":[{"href":"https:\/\/werkhuizen-decloedt.be\/fr\/wp-json\/wp\/v2\/pages\/734","targetHints":{"allow":["GET"]}}],"collection":[{"href":"https:\/\/werkhuizen-decloedt.be\/fr\/wp-json\/wp\/v2\/pages"}],"about":[{"href":"https:\/\/werkhuizen-decloedt.be\/fr\/wp-json\/wp\/v2\/types\/page"}],"author":[{"embeddable":true,"href":"https:\/\/werkhuizen-decloedt.be\/fr\/wp-json\/wp\/v2\/users\/1"}],"replies":[{"embeddable":true,"href":"https:\/\/werkhuizen-decloedt.be\/fr\/wp-json\/wp\/v2\/comments?post=734"}],"version-history":[{"count":2,"href":"https:\/\/werkhuizen-decloedt.be\/fr\/wp-json\/wp\/v2\/pages\/734\/revisions"}],"predecessor-version":[{"id":864,"href":"https:\/\/werkhuizen-decloedt.be\/fr\/wp-json\/wp\/v2\/pages\/734\/revisions\/864"}],"wp:attachment":[{"href":"https:\/\/werkhuizen-decloedt.be\/fr\/wp-json\/wp\/v2\/media?parent=734"}],"curies":[{"name":"wp","href":"https:\/\/api.w.org\/{rel}","templated":true}]}}